{"id":76,"date":"2022-08-15T12:42:33","date_gmt":"2022-08-15T10:42:33","guid":{"rendered":"https:\/\/bibltop.org\/hu\/?page_id=76"},"modified":"2023-01-31T12:37:33","modified_gmt":"2023-01-31T11:37:33","slug":"teremberlet","status":"publish","type":"page","link":"https:\/\/bibltop.org\/hu\/teremberlet\/","title":{"rendered":"Teremb\u00e9rlet"},"content":{"rendered":"\n<p>2003 \u00e9s 2005 k\u00f6z\u00f6tt \u00f6nkorm\u00e1nyzati \u00e9s p\u00e1ly\u00e1zati eszk\u00f6z\u00f6kb\u0151l, tov\u00e1bb\u00e1 a helyi k\u00f6z\u00f6ss\u00e9g anyagi t\u00e1mogat\u00e1s\u00e1val fel\u00faj\u00edtottuk az \u00e9p\u00fclet bels\u0151 tereit, tov\u00e1bb\u00e1 az addig kihaszn\u00e1latlan padl\u00e1steret, ami \u00e1ltal k\u00f6zel 220 n\u00e9gyzetm\u00e9teres hasznos fel\u00fcletet kaptunk. A mintegy 80 szem\u00e9ly befogad\u00e1s\u00e1ra alkalmas teremben irodalmi esteket, j\u00e1tsz\u00f3h\u00e1zakat, ki\u00e1ll\u00edt\u00e1sokat \u00e9s egy\u00e9b rendezv\u00e9nyeket tartunk, s minderre \u2013 a k\u00f6nyvt\u00e1r \u00e1ltal megfogalmazott c\u00e9lkit\u0171z\u00e9sek szellem\u00e9ben \u2013 megvan a k\u00f6z\u00f6ss\u00e9g \u00e9rdekl\u0151d\u00e9se \u00e9s ig\u00e9nye is.<\/p>\n\n\n\n<p>Padl\u00e1ster\u00fcnk az id\u0151k sor\u00e1n legk\u00fcl\u00f6nb\u00f6z\u0151bb esem\u00e9nyeknek adott m\u00e1r otthont, ez\u00e9rt mi k\u00e9szs\u00e9ggel aj\u00e1nljuk fel term\u00fcnket azok sz\u00e1m\u00e1ra, akik esem\u00e9nyeiket, rendezv\u00e9nyeiket itt szeretn\u00e9k tartani. B\u0151vebb inform\u00e1ci\u00f3 szem\u00e9lyesen a k\u00f6nyvt\u00e1rban, telefonon illetve e-mail-ben.<\/p>\n\n\n\n<figure class=\"wp-block-gallery has-nested-images columns-default is-cropped wp-block-gallery-1 is-layout-flex wp-block-gallery-is-layout-flex\">\n<figure class=\"wp-block-image size-large\"><img loading=\"lazy\" decoding=\"async\" width=\"1024\" height=\"768\" data-id=\"249\" src=\"https:\/\/bibltop.org\/hu\/wp-content\/uploads\/2023\/01\/img_3resized-1-1024x768.jpg\" alt=\"\" class=\"wp-image-249\" srcset=\"https:\/\/bibltop.org\/hu\/wp-content\/uploads\/2023\/01\/img_3resized-1-1024x768.jpg 1024w, https:\/\/bibltop.org\/hu\/wp-content\/uploads\/2023\/01\/img_3resized-1-300x225.jpg 300w, https:\/\/bibltop.org\/hu\/wp-content\/uploads\/2023\/01\/img_3resized-1-768x576.jpg 768w, https:\/\/bibltop.org\/hu\/wp-content\/uploads\/2023\/01\/img_3resized-1.jpg 1080w\" sizes=\"auto, (max-width: 1024px) 100vw, 1024px\" \/><\/figure>\n\n\n\n<figure class=\"wp-block-image size-large\"><img loading=\"lazy\" decoding=\"async\" width=\"1024\" height=\"768\" data-id=\"251\" src=\"https:\/\/bibltop.org\/hu\/wp-content\/uploads\/2023\/01\/IMG_2279-1024x768.jpg\" alt=\"\" class=\"wp-image-251\" srcset=\"https:\/\/bibltop.org\/hu\/wp-content\/uploads\/2023\/01\/IMG_2279-1024x768.jpg 1024w, https:\/\/bibltop.org\/hu\/wp-content\/uploads\/2023\/01\/IMG_2279-300x225.jpg 300w, https:\/\/bibltop.org\/hu\/wp-content\/uploads\/2023\/01\/IMG_2279-768x576.jpg 768w, https:\/\/bibltop.org\/hu\/wp-content\/uploads\/2023\/01\/IMG_2279-1536x1152.jpg 1536w, https:\/\/bibltop.org\/hu\/wp-content\/uploads\/2023\/01\/IMG_2279-2048x1536.jpg 2048w\" sizes=\"auto, (max-width: 1024px) 100vw, 1024px\" \/><\/figure>\n\n\n\n<figure class=\"wp-block-image size-large\"><img loading=\"lazy\" decoding=\"async\" width=\"1024\" height=\"768\" data-id=\"250\" src=\"https:\/\/bibltop.org\/hu\/wp-content\/uploads\/2023\/01\/IMG_3228-1024x768.jpg\" alt=\"\" class=\"wp-image-250\" srcset=\"https:\/\/bibltop.org\/hu\/wp-content\/uploads\/2023\/01\/IMG_3228-1024x768.jpg 1024w, https:\/\/bibltop.org\/hu\/wp-content\/uploads\/2023\/01\/IMG_3228-300x225.jpg 300w, https:\/\/bibltop.org\/hu\/wp-content\/uploads\/2023\/01\/IMG_3228-768x576.jpg 768w, https:\/\/bibltop.org\/hu\/wp-content\/uploads\/2023\/01\/IMG_3228-1536x1152.jpg 1536w, https:\/\/bibltop.org\/hu\/wp-content\/uploads\/2023\/01\/IMG_3228-2048x1536.jpg 2048w\" sizes=\"auto, (max-width: 1024px) 100vw, 1024px\" \/><\/figure>\n\n\n\n<figure class=\"wp-block-image size-large\"><img loading=\"lazy\" decoding=\"async\" width=\"1024\" height=\"768\" data-id=\"252\" src=\"https:\/\/bibltop.org\/hu\/wp-content\/uploads\/2023\/01\/IMG_3423-1024x768.jpg\" alt=\"\" class=\"wp-image-252\" srcset=\"https:\/\/bibltop.org\/hu\/wp-content\/uploads\/2023\/01\/IMG_3423-1024x768.jpg 1024w, https:\/\/bibltop.org\/hu\/wp-content\/uploads\/2023\/01\/IMG_3423-300x225.jpg 300w, https:\/\/bibltop.org\/hu\/wp-content\/uploads\/2023\/01\/IMG_3423-768x576.jpg 768w, https:\/\/bibltop.org\/hu\/wp-content\/uploads\/2023\/01\/IMG_3423-1536x1152.jpg 1536w, https:\/\/bibltop.org\/hu\/wp-content\/uploads\/2023\/01\/IMG_3423-2048x1536.jpg 2048w\" sizes=\"auto, (max-width: 1024px) 100vw, 1024px\" \/><\/figure>\n\n\n\n<figure class=\"wp-block-image size-large\"><img loading=\"lazy\" decoding=\"async\" width=\"1024\" height=\"768\" data-id=\"248\" src=\"https:\/\/bibltop.org\/hu\/wp-content\/uploads\/2023\/01\/IMG-4d2f3c6b96f86a69585a9f78d71dc5cf-V-1024x768.jpg\" alt=\"\" class=\"wp-image-248\" srcset=\"https:\/\/bibltop.org\/hu\/wp-content\/uploads\/2023\/01\/IMG-4d2f3c6b96f86a69585a9f78d71dc5cf-V-1024x768.jpg 1024w, https:\/\/bibltop.org\/hu\/wp-content\/uploads\/2023\/01\/IMG-4d2f3c6b96f86a69585a9f78d71dc5cf-V-300x225.jpg 300w, https:\/\/bibltop.org\/hu\/wp-content\/uploads\/2023\/01\/IMG-4d2f3c6b96f86a69585a9f78d71dc5cf-V-768x576.jpg 768w, https:\/\/bibltop.org\/hu\/wp-content\/uploads\/2023\/01\/IMG-4d2f3c6b96f86a69585a9f78d71dc5cf-V.jpg 1280w\" sizes=\"auto, (max-width: 1024px) 100vw, 1024px\" \/><\/figure>\n\n\n\n<figure class=\"wp-block-image size-large\"><img loading=\"lazy\" decoding=\"async\" width=\"1024\" height=\"768\" data-id=\"247\" src=\"https:\/\/bibltop.org\/hu\/wp-content\/uploads\/2023\/01\/IMG-cb0e1654b03e78c09bfd6916e8823c44-V-1024x768.jpg\" alt=\"\" class=\"wp-image-247\" srcset=\"https:\/\/bibltop.org\/hu\/wp-content\/uploads\/2023\/01\/IMG-cb0e1654b03e78c09bfd6916e8823c44-V-1024x768.jpg 1024w, https:\/\/bibltop.org\/hu\/wp-content\/uploads\/2023\/01\/IMG-cb0e1654b03e78c09bfd6916e8823c44-V-300x225.jpg 300w, https:\/\/bibltop.org\/hu\/wp-content\/uploads\/2023\/01\/IMG-cb0e1654b03e78c09bfd6916e8823c44-V-768x576.jpg 768w, https:\/\/bibltop.org\/hu\/wp-content\/uploads\/2023\/01\/IMG-cb0e1654b03e78c09bfd6916e8823c44-V.jpg 1280w\" sizes=\"auto, (max-width: 1024px) 100vw, 1024px\" \/><\/figure>\n<\/figure>\n","protected":false},"excerpt":{"rendered":"<p>2003 \u00e9s 2005 k\u00f6z\u00f6tt \u00f6nkorm\u00e1nyzati \u00e9s p\u00e1ly\u00e1zati eszk\u00f6z\u00f6kb\u0151l, tov\u00e1bb\u00e1 a helyi k\u00f6z\u00f6ss\u00e9g anyagi t\u00e1mogat\u00e1s\u00e1val fel\u00faj\u00edtottuk az \u00e9p\u00fclet bels\u0151 tereit, tov\u00e1bb\u00e1 az addig kihaszn\u00e1latlan padl\u00e1steret, ami \u00e1ltal k\u00f6zel 220 n\u00e9gyzetm\u00e9teres hasznos fel\u00fcletet kaptunk. A mintegy 80 szem\u00e9ly befogad\u00e1s\u00e1ra alkalmas teremben irodalmi esteket, j\u00e1tsz\u00f3h\u00e1zakat, ki\u00e1ll\u00edt\u00e1sokat \u00e9s egy\u00e9b rendezv\u00e9nyeket tartunk, s minderre \u2013 a k\u00f6nyvt\u00e1r \u00e1ltal megfogalmazott c\u00e9lkit\u0171z\u00e9sek&#8230;<\/p>\n<p class=\"more-link-wrap\"><a href=\"https:\/\/bibltop.org\/hu\/teremberlet\/\" class=\"more-link\">Read More<span class=\"screen-reader-text\"> &ldquo;Teremb\u00e9rlet&rdquo;<\/span> &raquo;<\/a><\/p>\n","protected":false},"author":1,"featured_media":0,"parent":0,"menu_order":0,"comment_status":"closed","ping_status":"closed","template":"","meta":{"footnotes":""},"class_list":["post-76","page","type-page","status-publish","hentry"],"_links":{"self":[{"href":"https:\/\/bibltop.org\/hu\/wp-json\/wp\/v2\/pages\/76","targetHints":{"allow":["GET"]}}],"collection":[{"href":"https:\/\/bibltop.org\/hu\/wp-json\/wp\/v2\/pages"}],"about":[{"href":"https:\/\/bibltop.org\/hu\/wp-json\/wp\/v2\/types\/page"}],"author":[{"embeddable":true,"href":"https:\/\/bibltop.org\/hu\/wp-json\/wp\/v2\/users\/1"}],"replies":[{"embeddable":true,"href":"https:\/\/bibltop.org\/hu\/wp-json\/wp\/v2\/comments?post=76"}],"version-history":[{"count":2,"href":"https:\/\/bibltop.org\/hu\/wp-json\/wp\/v2\/pages\/76\/revisions"}],"predecessor-version":[{"id":254,"href":"https:\/\/bibltop.org\/hu\/wp-json\/wp\/v2\/pages\/76\/revisions\/254"}],"wp:attachment":[{"href":"https:\/\/bibltop.org\/hu\/wp-json\/wp\/v2\/media?parent=76"}],"curies":[{"name":"wp","href":"https:\/\/api.w.org\/{rel}","templated":true}]}}