{"id":637,"date":"2025-12-23T08:55:40","date_gmt":"2025-12-23T07:55:40","guid":{"rendered":"https:\/\/bibltop.org\/hu\/?page_id=637"},"modified":"2025-12-23T09:10:06","modified_gmt":"2025-12-23T08:10:06","slug":"digitalis-konyvtar","status":"publish","type":"page","link":"https:\/\/bibltop.org\/hu\/digitalis-konyvtar\/","title":{"rendered":"Digit\u00e1lis k\u00f6nyvt\u00e1r"},"content":{"rendered":"\n<p>A topolyai Juh\u00e1sz Erzs\u00e9bet K\u00f6nyvt\u00e1r helyt\u00f6rt\u00e9neti gy\u0171jtem\u00e9ny\u00e9nek digitaliz\u00e1l\u00e1sa c\u00edm\u0171 projekt<br>c\u00e9lja a kultur\u00e1lis \u00f6r\u00f6ks\u00e9g meg\u0151rz\u00e9se \u00e9s hozz\u00e1f\u00e9rhet\u0151s\u00e9g\u00e9nek jav\u00edt\u00e1sa a szerb \u00e9s magyar nyelv\u0171<br>k\u00f6nyvek \u00e9s kiadv\u00e1nyok digitaliz\u00e1l\u00e1s\u00e1n kereszt\u00fcl. A projekt k\u00f6z\u00e9ppontj\u00e1ban azok a helyt\u00f6rt\u00e9neti<br>m\u0171vek \u00e1llnak, amelyek a helyi t\u00f6rt\u00e9nelem \u00e9s kult\u00fara jelent\u0151s r\u00e9sz\u00e9t k\u00e9pezik.<br>A digitaliz\u00e1l\u00e1si folyamat mag\u00e1ban foglalja a kiadv\u00e1nyok szkennel\u00e9s\u00e9t, feldolgoz\u00e1s\u00e1t \u00e9s<br>katalogiz\u00e1l\u00e1s\u00e1t, ez\u00e1ltal a felhaszn\u00e1l\u00f3k sz\u00e1m\u00e1ra digit\u00e1lis hozz\u00e1f\u00e9r\u00e9st biztos\u00edt az anyaghoz egy<br>k\u00fcl\u00f6n digit\u00e1lis platformon kereszt\u00fcl. A platform a k\u00f6nyvt\u00e1r helyi szerver\u00e9n tal\u00e1lhat\u00f3, \u00e9s az<br>olvas\u00f3teremben \u00e9rhet\u0151 el a felhaszn\u00e1l\u00f3k sz\u00e1m\u00e1ra.<br>A projektet a Szerb K\u00f6zt\u00e1rsas\u00e1g Kultur\u00e1lis Miniszt\u00e9riuma t\u00e1mogatta.<br>A projekt a helyt\u00f6rt\u00e9neti gy\u0171jtem\u00e9ny valamennyi kiadv\u00e1ny\u00e1t mag\u00e1ban foglalja, \u00e9s ily m\u00f3don<br>lehet\u0151v\u00e9 teszi a helyi \u00edrott forr\u00e1sok tart\u00f3s meg\u0151rz\u00e9s\u00e9t, valamint k\u00f6nnyebb hozz\u00e1f\u00e9rhet\u0151s\u00e9g\u00e9t a<br>felhaszn\u00e1l\u00f3k, kutat\u00f3k \u00e9s hallgat\u00f3k sz\u00e1m\u00e1ra, ami hozz\u00e1j\u00e1rul a kultur\u00e1lis \u00f6r\u00f6ks\u00e9g meg\u0151rz\u00e9s\u00e9hez \u00e9s<br>n\u00e9pszer\u0171s\u00edt\u00e9s\u00e9hez a digit\u00e1lis k\u00f6rnyezetben.<br>A Juh\u00e1sz Erzs\u00e9bet K\u00f6nyvt\u00e1r \u00e9s a Vajdas\u00e1gi Magyar M\u0171vel\u0151d\u00e9si Int\u00e9zet k\u00f6z\u00f6tti egy\u00fcttm\u0171k\u00f6d\u00e9si<br>meg\u00e1llapod\u00e1s alapj\u00e1n a magyar nyelv\u0171 \u00e1llom\u00e1ny egy r\u00e9sze \u2013 a szerz\u0151i jogi t\u00f6rv\u00e9nnyel<br>\u00f6sszhangban \u2013 el\u00e9rhet\u0151 a VAMADIA.RS honlapon is (Vajdas\u00e1gi Magyar Digit\u00e1lis Arch\u00edvum).<br>A helyt\u00f6rt\u00e9neti gy\u0171jtem\u00e9nyben el\u00e9rhet\u0151 valamennyi m\u0171 list\u00e1ja <a href=\"https:\/\/docs.google.com\/spreadsheets\/d\/1vvxulEoCsfMZKv9DPrjjHilzbTUz-8rq\/edit?usp=sharing&amp;ouid=108673587762812356688&amp;rtpof=true&amp;sd=true\" target=\"_blank\" rel=\"noreferrer noopener\">ezen a linken tekinthet\u0151 meg<\/a>.<\/p>\n\n\n<div class=\"wp-block-image\">\n<figure class=\"aligncenter size-full is-resized\"><img loading=\"lazy\" decoding=\"async\" width=\"233\" height=\"265\" src=\"https:\/\/bibltop.org\/hu\/wp-content\/uploads\/2025\/12\/Untitled-design.png\" alt=\"\" class=\"wp-image-647\" style=\"width:167px;height:auto\"\/><\/figure>\n<\/div>\n\n\n<p><\/p>\n","protected":false},"excerpt":{"rendered":"<p>A topolyai Juh\u00e1sz Erzs\u00e9bet K\u00f6nyvt\u00e1r helyt\u00f6rt\u00e9neti gy\u0171jtem\u00e9ny\u00e9nek digitaliz\u00e1l\u00e1sa c\u00edm\u0171 projektc\u00e9lja a kultur\u00e1lis \u00f6r\u00f6ks\u00e9g meg\u0151rz\u00e9se \u00e9s hozz\u00e1f\u00e9rhet\u0151s\u00e9g\u00e9nek jav\u00edt\u00e1sa a szerb \u00e9s magyar nyelv\u0171k\u00f6nyvek \u00e9s kiadv\u00e1nyok digitaliz\u00e1l\u00e1s\u00e1n kereszt\u00fcl. A projekt k\u00f6z\u00e9ppontj\u00e1ban azok a helyt\u00f6rt\u00e9netim\u0171vek \u00e1llnak, amelyek a helyi t\u00f6rt\u00e9nelem \u00e9s kult\u00fara jelent\u0151s r\u00e9sz\u00e9t k\u00e9pezik.A digitaliz\u00e1l\u00e1si folyamat mag\u00e1ban foglalja a kiadv\u00e1nyok szkennel\u00e9s\u00e9t, feldolgoz\u00e1s\u00e1t \u00e9skatalogiz\u00e1l\u00e1s\u00e1t, ez\u00e1ltal a felhaszn\u00e1l\u00f3k sz\u00e1m\u00e1ra&#8230;<\/p>\n<p class=\"more-link-wrap\"><a href=\"https:\/\/bibltop.org\/hu\/digitalis-konyvtar\/\" class=\"more-link\">Read More<span class=\"screen-reader-text\"> &ldquo;Digit\u00e1lis k\u00f6nyvt\u00e1r&rdquo;<\/span> &raquo;<\/a><\/p>\n","protected":false},"author":1,"featured_media":0,"parent":0,"menu_order":0,"comment_status":"closed","ping_status":"closed","template":"","meta":{"footnotes":""},"class_list":["post-637","page","type-page","status-publish","hentry"],"_links":{"self":[{"href":"https:\/\/bibltop.org\/hu\/wp-json\/wp\/v2\/pages\/637","targetHints":{"allow":["GET"]}}],"collection":[{"href":"https:\/\/bibltop.org\/hu\/wp-json\/wp\/v2\/pages"}],"about":[{"href":"https:\/\/bibltop.org\/hu\/wp-json\/wp\/v2\/types\/page"}],"author":[{"embeddable":true,"href":"https:\/\/bibltop.org\/hu\/wp-json\/wp\/v2\/users\/1"}],"replies":[{"embeddable":true,"href":"https:\/\/bibltop.org\/hu\/wp-json\/wp\/v2\/comments?post=637"}],"version-history":[{"count":2,"href":"https:\/\/bibltop.org\/hu\/wp-json\/wp\/v2\/pages\/637\/revisions"}],"predecessor-version":[{"id":648,"href":"https:\/\/bibltop.org\/hu\/wp-json\/wp\/v2\/pages\/637\/revisions\/648"}],"wp:attachment":[{"href":"https:\/\/bibltop.org\/hu\/wp-json\/wp\/v2\/media?parent=637"}],"curies":[{"name":"wp","href":"https:\/\/api.w.org\/{rel}","templated":true}]}}