{"id":50,"date":"2022-08-15T12:37:25","date_gmt":"2022-08-15T10:37:25","guid":{"rendered":"https:\/\/bibltop.org\/hu\/?page_id=50"},"modified":"2022-09-29T10:36:56","modified_gmt":"2022-09-29T08:36:56","slug":"coder-club","status":"publish","type":"page","link":"https:\/\/bibltop.org\/hu\/coder-club\/","title":{"rendered":"Coder Club"},"content":{"rendered":"\n<p>A Coder Club egy alkalomra meghirdetett ny\u00e1ri t\u00e1bork\u00e9nt indult, de az \u00e9rdekl\u0151d\u00e9s azt mutatta, folytatni kell. 2015 \u00f3ta m\u0171k\u00f6dik a topolyai Juh\u00e1sz Erzs\u00e9bet K\u00f6nyvt\u00e1rban. V\u00e1llalt c\u00e9lja a 8-18 \u00e9ves gyerekek informatikai oktat\u00e1sa az iskol\u00e1ban zajl\u00f3t\u00f3l elt\u00e9r\u0151 m\u00f3don. A munka sor\u00e1n megismerkednek a programoz\u00e1s vil\u00e1g\u00e1val, a mikroelektronikai eszk\u00f6z\u00f6kkel, robotik\u00e1val \u00e9s a 3D nyomtat\u00e1ssal is.<\/p>\n\n\n\n<p>Hetente t\u00f6bb mint negyvenen programoznak \u00e9s k\u00f3dolnak a foglalkoz\u00e1sokon, imm\u00e1r nyolcadik \u00e9ve. Az els\u0151 \u00e9vek r\u00e9sztvev\u0151i k\u00f6z\u00f6tt t\u00f6bben ebben tal\u00e1lt\u00e1k meg hivat\u00e1sukat. Az ut\u00e1np\u00f3tl\u00e1s a mai napig folyamatos, a lend\u00fclet \u00e9s a lelkesed\u00e9s t\u00f6retlen.<\/p>\n\n\n\n<p class=\"has-text-align-left\">A heti foglalkoz\u00e1sok sor\u00e1n a gyerekek kreat\u00edvan \u00e9s c\u00e9ltudatosan haszn\u00e1lj\u00e1k az itt elsaj\u00e1t\u00edtott tud\u00e1st. Hogy ez mennyire \u00edgy van, arr\u00f3l az elm\u00falt \u00e9vek sor\u00e1n kapott elismer\u00e9sek is tan\u00faskodnak. T\u00f6bb helyi, orsz\u00e1gos \u00e9s nemzetk\u00f6zi esem\u00e9nyen vettek r\u00e9szt \u00e9s kaptak d\u00edjakat. 2022-ben World Robot Olympiad nemzetk\u00f6zi lego robot\u00e9p\u00edt\u00e9si \u00e9s -programoz\u00e1si verseny nemzeti d\u00f6nt\u0151j\u00e9ben, ahol a vil\u00e1gd\u00f6nt\u0151be jut\u00e1s volt a t\u00e9t, k\u00e9t csapatuk is gy\u0151z\u00f6tt, \u00edgy a Coder Club csapatai k\u00e9pviselik az orsz\u00e1got a WRO, vagyis a robotikai olimpia novemberi dortmundi vil\u00e1gd\u00f6nt\u0151j\u00e9n.<\/p>\n\n\n\n<p><a href=\"http:\/\/coderclub.eu\/\" target=\"_blank\" rel=\"noreferrer noopener\">A Coder Club honlapja<\/a><\/p>\n\n\n\n<hr class=\"wp-block-separator has-alpha-channel-opacity\"\/>\n\n\n\n<figure class=\"wp-block-gallery has-nested-images columns-default is-cropped wp-block-gallery-1 is-layout-flex wp-block-gallery-is-layout-flex\">\n<figure class=\"wp-block-image size-large\"><img loading=\"lazy\" decoding=\"async\" width=\"768\" height=\"1024\" data-id=\"177\" src=\"https:\/\/bibltop.org\/hu\/wp-content\/uploads\/2022\/09\/306360629_5487800584667715_7746367563045241371_n-768x1024.jpg\" alt=\"\" class=\"wp-image-177\" srcset=\"https:\/\/bibltop.org\/hu\/wp-content\/uploads\/2022\/09\/306360629_5487800584667715_7746367563045241371_n-768x1024.jpg 768w, https:\/\/bibltop.org\/hu\/wp-content\/uploads\/2022\/09\/306360629_5487800584667715_7746367563045241371_n-225x300.jpg 225w, https:\/\/bibltop.org\/hu\/wp-content\/uploads\/2022\/09\/306360629_5487800584667715_7746367563045241371_n-1152x1536.jpg 1152w, https:\/\/bibltop.org\/hu\/wp-content\/uploads\/2022\/09\/306360629_5487800584667715_7746367563045241371_n.jpg 1536w\" sizes=\"auto, (max-width: 768px) 100vw, 768px\" \/><\/figure>\n\n\n\n<figure class=\"wp-block-image size-large\"><img loading=\"lazy\" decoding=\"async\" width=\"1024\" height=\"768\" data-id=\"178\" src=\"https:\/\/bibltop.org\/hu\/wp-content\/uploads\/2022\/09\/306949298_5487799801334460_5532496294613426216_n-1024x768.jpg\" alt=\"\" class=\"wp-image-178\" srcset=\"https:\/\/bibltop.org\/hu\/wp-content\/uploads\/2022\/09\/306949298_5487799801334460_5532496294613426216_n-1024x768.jpg 1024w, https:\/\/bibltop.org\/hu\/wp-content\/uploads\/2022\/09\/306949298_5487799801334460_5532496294613426216_n-300x225.jpg 300w, https:\/\/bibltop.org\/hu\/wp-content\/uploads\/2022\/09\/306949298_5487799801334460_5532496294613426216_n-768x576.jpg 768w, https:\/\/bibltop.org\/hu\/wp-content\/uploads\/2022\/09\/306949298_5487799801334460_5532496294613426216_n-1536x1152.jpg 1536w, https:\/\/bibltop.org\/hu\/wp-content\/uploads\/2022\/09\/306949298_5487799801334460_5532496294613426216_n.jpg 2048w\" sizes=\"auto, (max-width: 1024px) 100vw, 1024px\" \/><\/figure>\n\n\n\n<figure class=\"wp-block-image size-large\"><img loading=\"lazy\" decoding=\"async\" width=\"768\" height=\"1024\" data-id=\"182\" src=\"https:\/\/bibltop.org\/hu\/wp-content\/uploads\/2022\/09\/306093512_5487801504667623_5446910329197867896_n-768x1024.jpg\" alt=\"\" class=\"wp-image-182\" srcset=\"https:\/\/bibltop.org\/hu\/wp-content\/uploads\/2022\/09\/306093512_5487801504667623_5446910329197867896_n-768x1024.jpg 768w, https:\/\/bibltop.org\/hu\/wp-content\/uploads\/2022\/09\/306093512_5487801504667623_5446910329197867896_n-225x300.jpg 225w, https:\/\/bibltop.org\/hu\/wp-content\/uploads\/2022\/09\/306093512_5487801504667623_5446910329197867896_n-1152x1536.jpg 1152w, https:\/\/bibltop.org\/hu\/wp-content\/uploads\/2022\/09\/306093512_5487801504667623_5446910329197867896_n.jpg 1536w\" sizes=\"auto, (max-width: 768px) 100vw, 768px\" \/><\/figure>\n\n\n\n<figure class=\"wp-block-image size-large\"><img loading=\"lazy\" decoding=\"async\" width=\"768\" height=\"1024\" data-id=\"181\" src=\"https:\/\/bibltop.org\/hu\/wp-content\/uploads\/2022\/09\/306561683_5487796861334754_8028189634264193017_n-768x1024.jpg\" alt=\"\" class=\"wp-image-181\" srcset=\"https:\/\/bibltop.org\/hu\/wp-content\/uploads\/2022\/09\/306561683_5487796861334754_8028189634264193017_n-768x1024.jpg 768w, https:\/\/bibltop.org\/hu\/wp-content\/uploads\/2022\/09\/306561683_5487796861334754_8028189634264193017_n-225x300.jpg 225w, https:\/\/bibltop.org\/hu\/wp-content\/uploads\/2022\/09\/306561683_5487796861334754_8028189634264193017_n-1152x1536.jpg 1152w, https:\/\/bibltop.org\/hu\/wp-content\/uploads\/2022\/09\/306561683_5487796861334754_8028189634264193017_n.jpg 1536w\" sizes=\"auto, (max-width: 768px) 100vw, 768px\" \/><\/figure>\n\n\n\n<figure class=\"wp-block-image size-large\"><img loading=\"lazy\" decoding=\"async\" width=\"768\" height=\"1024\" data-id=\"179\" src=\"https:\/\/bibltop.org\/hu\/wp-content\/uploads\/2022\/09\/306713822_5487800581334382_2784686050786663687_n-768x1024.jpg\" alt=\"\" class=\"wp-image-179\" srcset=\"https:\/\/bibltop.org\/hu\/wp-content\/uploads\/2022\/09\/306713822_5487800581334382_2784686050786663687_n-768x1024.jpg 768w, https:\/\/bibltop.org\/hu\/wp-content\/uploads\/2022\/09\/306713822_5487800581334382_2784686050786663687_n-225x300.jpg 225w, https:\/\/bibltop.org\/hu\/wp-content\/uploads\/2022\/09\/306713822_5487800581334382_2784686050786663687_n-1152x1536.jpg 1152w, https:\/\/bibltop.org\/hu\/wp-content\/uploads\/2022\/09\/306713822_5487800581334382_2784686050786663687_n.jpg 1536w\" sizes=\"auto, (max-width: 768px) 100vw, 768px\" \/><\/figure>\n\n\n\n<figure class=\"wp-block-image size-large\"><img loading=\"lazy\" decoding=\"async\" width=\"768\" height=\"1024\" data-id=\"180\" src=\"https:\/\/bibltop.org\/hu\/wp-content\/uploads\/2022\/09\/306631764_5487799804667793_8262484824103348946_n-768x1024.jpg\" alt=\"\" class=\"wp-image-180\" srcset=\"https:\/\/bibltop.org\/hu\/wp-content\/uploads\/2022\/09\/306631764_5487799804667793_8262484824103348946_n-768x1024.jpg 768w, https:\/\/bibltop.org\/hu\/wp-content\/uploads\/2022\/09\/306631764_5487799804667793_8262484824103348946_n-225x300.jpg 225w, https:\/\/bibltop.org\/hu\/wp-content\/uploads\/2022\/09\/306631764_5487799804667793_8262484824103348946_n-1152x1536.jpg 1152w, https:\/\/bibltop.org\/hu\/wp-content\/uploads\/2022\/09\/306631764_5487799804667793_8262484824103348946_n.jpg 1536w\" sizes=\"auto, (max-width: 768px) 100vw, 768px\" \/><\/figure>\n<\/figure>\n\n\n\n<p><\/p>\n","protected":false},"excerpt":{"rendered":"<p>A Coder Club egy alkalomra meghirdetett ny\u00e1ri t\u00e1bork\u00e9nt indult, de az \u00e9rdekl\u0151d\u00e9s azt mutatta, folytatni kell. 2015 \u00f3ta m\u0171k\u00f6dik a topolyai Juh\u00e1sz Erzs\u00e9bet K\u00f6nyvt\u00e1rban. V\u00e1llalt c\u00e9lja a 8-18 \u00e9ves gyerekek informatikai oktat\u00e1sa az iskol\u00e1ban zajl\u00f3t\u00f3l elt\u00e9r\u0151 m\u00f3don. A munka sor\u00e1n megismerkednek a programoz\u00e1s vil\u00e1g\u00e1val, a mikroelektronikai eszk\u00f6z\u00f6kkel, robotik\u00e1val \u00e9s a 3D nyomtat\u00e1ssal is. Hetente t\u00f6bb&#8230;<\/p>\n<p class=\"more-link-wrap\"><a href=\"https:\/\/bibltop.org\/hu\/coder-club\/\" class=\"more-link\">Read More<span class=\"screen-reader-text\"> &ldquo;Coder Club&rdquo;<\/span> &raquo;<\/a><\/p>\n","protected":false},"author":1,"featured_media":0,"parent":0,"menu_order":0,"comment_status":"closed","ping_status":"closed","template":"","meta":{"footnotes":""},"class_list":["post-50","page","type-page","status-publish","hentry"],"_links":{"self":[{"href":"https:\/\/bibltop.org\/hu\/wp-json\/wp\/v2\/pages\/50","targetHints":{"allow":["GET"]}}],"collection":[{"href":"https:\/\/bibltop.org\/hu\/wp-json\/wp\/v2\/pages"}],"about":[{"href":"https:\/\/bibltop.org\/hu\/wp-json\/wp\/v2\/types\/page"}],"author":[{"embeddable":true,"href":"https:\/\/bibltop.org\/hu\/wp-json\/wp\/v2\/users\/1"}],"replies":[{"embeddable":true,"href":"https:\/\/bibltop.org\/hu\/wp-json\/wp\/v2\/comments?post=50"}],"version-history":[{"count":6,"href":"https:\/\/bibltop.org\/hu\/wp-json\/wp\/v2\/pages\/50\/revisions"}],"predecessor-version":[{"id":186,"href":"https:\/\/bibltop.org\/hu\/wp-json\/wp\/v2\/pages\/50\/revisions\/186"}],"wp:attachment":[{"href":"https:\/\/bibltop.org\/hu\/wp-json\/wp\/v2\/media?parent=50"}],"curies":[{"name":"wp","href":"https:\/\/api.w.org\/{rel}","templated":true}]}}