{"id":49,"date":"2022-08-15T12:37:25","date_gmt":"2022-08-15T10:37:25","guid":{"rendered":"https:\/\/bibltop.org\/hu\/?page_id=49"},"modified":"2025-09-25T13:41:36","modified_gmt":"2025-09-25T11:41:36","slug":"topolya-a-reszletekben-lakozik","status":"publish","type":"page","link":"https:\/\/bibltop.org\/hu\/topolya-a-reszletekben-lakozik\/","title":{"rendered":"Topolya a r\u00e9szletekben lakozik"},"content":{"rendered":"\n<p>A topolyai \u00f6nkorm\u00e1nyzat \u00e9s a Juh\u00e1sz Erzs\u00e9bet K\u00f6nyvt\u00e1r 2009 \u00f3ta minden \u00e9vben meghirdeti hagyom\u00e1nyos, Topolya a r\u00e9szletekben lakozik, elnevez\u00e9s\u0171 fot\u00f3p\u00e1ly\u00e1zat\u00e1t.<\/p>\n\n\n\n<p>A p\u00e1ly\u00e1zat c\u00e9lja, hogy tehets\u00e9ges fot\u00f3saink ne csak otthon, csal\u00e1di \u00e9s bar\u00e1ti k\u00f6rben vagy a k\u00f6z\u00f6ss\u00e9gi oldalakon mutass\u00e1k meg sz\u00ednvonalas f\u00e9nyk\u00e9peiket, hanem legyen lehet\u0151s\u00e9g\u00fck bemutatkozni a nagyk\u00f6z\u00f6ns\u00e9g el\u0151tt is. A bek\u00fcld\u00f6tt alkot\u00e1sokon kereszt\u00fcl bemutathatj\u00e1k, mik\u00e9nt l\u00e1tj\u00e1k Topolya sz\u00e9ps\u00e9g\u00e9t, lak\u00f3inak \u00e9let\u00e9t, k\u00fcl\u00f6nleges pillanatait. Az alkot\u00e1sok t\u00e9m\u00e1j\u00e1val \u00e9s tartalm\u00e1val kapcsolatosan nincsenek kik\u00f6t\u00e9sek. A szervez\u0151k arra k\u00edv\u00e1ncsiak, hogy mit \u00e9s hogyan k\u00e9pzel, tervez a fotogr\u00e1fus, amikor azt hallja: Topolya a r\u00e9szletekben lakozik.<br>A legjobb dokumentumfot\u00f3 kateg\u00f3ri\u00e1ban Egri J\u00f3zsef Plakett, a legjobb m\u0171v\u00e9szfot\u00f3 kateg\u00f3ri\u00e1ban pedig a Rind Istv\u00e1n Plakett ker\u00fcl kioszt\u00e1sra, \u00edgy \u00e1ll\u00edtva eml\u00e9ket k\u00f6z\u00f6ss\u00e9g\u00fcnk k\u00e9t kiemelked\u0151 fotogr\u00e1fus\u00e1nak.<br>A legjobb k\u00e9pekb\u0151l a szervez\u0151k minden \u00e9v szeptember\u00e9ben ki\u00e1ll\u00edt\u00e1st rendeznek, a Topolyai Napok alatt. <\/p>\n\n\n\n<p>A ki\u00e1ll\u00edt\u00e1s id\u0151tartama alatti vet\u00edt\u00e9sen minden p\u00e1ly\u00e1z\u00f3 munk\u00e1j\u00e1t bemutatjuk, valamint  megtekinthet\u0151ek \u00e9vek szerinti bont\u00e1sban a lenti linkeken:<\/p>\n\n\n<p><a href=\"https:\/\/goo.gl\/photos\/zmWGmuisMBVc4SfD6\" target=\"_blank\" rel=\"noopener\">Topolya a r\u00e9szletekben lakozik 2009<\/a><\/p>\n<p><a href=\"https:\/\/goo.gl\/photos\/Dz8QwYVRoAfGxTZYA\" target=\"_blank\" rel=\"noopener\">Topolya a r\u00e9szletekben lakozik 2010<\/a><\/p>\n<p><a href=\"https:\/\/goo.gl\/photos\/YBzy1vFJf3Z9wWbW8\" target=\"_blank\" rel=\"noopener\">Topolya a r\u00e9szletekben lakozik 2011<\/a><\/p>\n<p><a href=\"https:\/\/goo.gl\/photos\/hpKf4i8Gwftxt6vXA\" target=\"_blank\" rel=\"noopener\">Topolya a r\u00e9szletekben lakozik 2012<\/a><\/p>\n<p><a href=\"https:\/\/goo.gl\/photos\/PXAmrkYvMBoBbTEf7\" target=\"_blank\" rel=\"noopener\">Topolya a r\u00e9szletekben lakozik 2013<\/a><\/p>\n<p><a href=\"https:\/\/goo.gl\/photos\/PdpDWjh9vH8y88zx7\" target=\"_blank\" rel=\"noopener\">Topolya a r\u00e9szletekben lakozik 2014<\/a><\/p>\n<p><a href=\"https:\/\/goo.gl\/photos\/EWVvdujHKx2j2Gy6A\" target=\"_blank\" rel=\"noopener\">Topolya a r\u00e9szletekben lakozik 2015<\/a><\/p>\n<p><a href=\"https:\/\/goo.gl\/photos\/MuV7p3GKVD6uqtjG9\" target=\"_blank\" rel=\"noopener\">Topolya a r\u00e9szletekben lakozik 2016<\/a><\/p>\n<p><a href=\"https:\/\/photos.app.goo.gl\/fUhgSsSUO2jGtory2\" target=\"_blank\" rel=\"noopener\">Topolya a r\u00e9szletekben lakozik 2017<\/a><\/p>\n<p><a href=\"https:\/\/photos.app.goo.gl\/XoStrj1RQ8abBPEj8\" target=\"_blank\" rel=\"noopener\">Topolya a r\u00e9szletekben lakozik 2018<\/a><\/p>\n<p><a href=\"https:\/\/photos.app.goo.gl\/VtUv8sdYNqPoeTKq6\" target=\"_blank\" rel=\"noopener\">Topolya a r\u00e9szletekben lakozik 2019<\/a><\/p>\n<p><a href=\"https:\/\/photos.app.goo.gl\/z5qcTgsHkHMDxMnV9\" target=\"_blank\" rel=\"noopener\">Topolya a r\u00e9szletekben lakozik 2020<\/a><\/p>\n<p><a href=\"https:\/\/photos.app.goo.gl\/LwPTBaBYMQeBfBbs7\" target=\"_blank\" rel=\"noopener\">Topolya a r\u00e9szletekben lakozik 2021<\/a><\/p>\n<p><a href=\"https:\/\/photos.app.goo.gl\/hH2SiSaVDtibXigFA\" target=\"_blank\" rel=\"noopener\">Topolya a r\u00e9szletekben lakozik 2022<\/a><\/p>\n<p><a href=\"https:\/\/photos.app.goo.gl\/8zvqRKoFoWQfiFb77\" target=\"_blank\" rel=\"noopener\">Topolya a r\u00e9szletekben lakozik 2023<\/a><\/p>\n\n\n<p><a href=\"https:\/\/drive.google.com\/drive\/folders\/1nd8tZGoNguYyr6rhKBWv83RKcuoLl-E_?usp=drive_link\" target=\"_blank\" rel=\"noreferrer noopener\">Topolya a r\u00e9szletekben lakozik 2024<\/a><\/p>\n\n\n\n<p><a href=\"https:\/\/drive.google.com\/drive\/u\/2\/folders\/1l9d5BlGmffneumtnIgaNS4w1qXddwEyf\">Topolya a r\u00e9szletekben lakozik 2025<\/a><\/p>\n\n\n\n<p><\/p>\n","protected":false},"excerpt":{"rendered":"<p>A topolyai \u00f6nkorm\u00e1nyzat \u00e9s a Juh\u00e1sz Erzs\u00e9bet K\u00f6nyvt\u00e1r 2009 \u00f3ta minden \u00e9vben meghirdeti hagyom\u00e1nyos, Topolya a r\u00e9szletekben lakozik, elnevez\u00e9s\u0171 fot\u00f3p\u00e1ly\u00e1zat\u00e1t. A p\u00e1ly\u00e1zat c\u00e9lja, hogy tehets\u00e9ges fot\u00f3saink ne csak otthon, csal\u00e1di \u00e9s bar\u00e1ti k\u00f6rben vagy a k\u00f6z\u00f6ss\u00e9gi oldalakon mutass\u00e1k meg sz\u00ednvonalas f\u00e9nyk\u00e9peiket, hanem legyen lehet\u0151s\u00e9g\u00fck bemutatkozni a nagyk\u00f6z\u00f6ns\u00e9g el\u0151tt is. A bek\u00fcld\u00f6tt alkot\u00e1sokon kereszt\u00fcl bemutathatj\u00e1k, mik\u00e9nt&#8230;<\/p>\n<p class=\"more-link-wrap\"><a href=\"https:\/\/bibltop.org\/hu\/topolya-a-reszletekben-lakozik\/\" class=\"more-link\">Read More<span class=\"screen-reader-text\"> &ldquo;Topolya a r\u00e9szletekben lakozik&rdquo;<\/span> &raquo;<\/a><\/p>\n","protected":false},"author":1,"featured_media":0,"parent":0,"menu_order":0,"comment_status":"closed","ping_status":"closed","template":"","meta":{"footnotes":""},"class_list":["post-49","page","type-page","status-publish","hentry"],"_links":{"self":[{"href":"https:\/\/bibltop.org\/hu\/wp-json\/wp\/v2\/pages\/49","targetHints":{"allow":["GET"]}}],"collection":[{"href":"https:\/\/bibltop.org\/hu\/wp-json\/wp\/v2\/pages"}],"about":[{"href":"https:\/\/bibltop.org\/hu\/wp-json\/wp\/v2\/types\/page"}],"author":[{"embeddable":true,"href":"https:\/\/bibltop.org\/hu\/wp-json\/wp\/v2\/users\/1"}],"replies":[{"embeddable":true,"href":"https:\/\/bibltop.org\/hu\/wp-json\/wp\/v2\/comments?post=49"}],"version-history":[{"count":34,"href":"https:\/\/bibltop.org\/hu\/wp-json\/wp\/v2\/pages\/49\/revisions"}],"predecessor-version":[{"id":608,"href":"https:\/\/bibltop.org\/hu\/wp-json\/wp\/v2\/pages\/49\/revisions\/608"}],"wp:attachment":[{"href":"https:\/\/bibltop.org\/hu\/wp-json\/wp\/v2\/media?parent=49"}],"curies":[{"name":"wp","href":"https:\/\/api.w.org\/{rel}","templated":true}]}}