{"id":48,"date":"2022-08-15T12:37:25","date_gmt":"2022-08-15T10:37:25","guid":{"rendered":"https:\/\/bibltop.org\/hu\/?page_id=48"},"modified":"2023-02-01T10:05:11","modified_gmt":"2023-02-01T09:05:11","slug":"hagyatekok","status":"publish","type":"page","link":"https:\/\/bibltop.org\/hu\/hagyatekok\/","title":{"rendered":"Hagyat\u00e9kok"},"content":{"rendered":"\n<p>K\u00fcl\u00f6n teremben kaptak helyet a hagyat\u00e9kok. A legnagyobb \u00e9s legjelent\u0151sebb a k\u00f6nyvt\u00e1r n\u00e9vad\u00f3ja, Juh\u00e1sz Erzs\u00e9bet \u00edr\u00f3i hagyat\u00e9ka, amely k\u00f6zel 2000 k\u00f6tetb\u0151l, foly\u00f3iratokb\u00f3l, k\u00e9ziratokb\u00f3l, levelekb\u0151l, f\u00e9nyk\u00e9pekb\u0151l \u00e9s az \u00edr\u00f3 szem\u00e9lyes t\u00e1rgyaib\u00f3l \u00e1ll.<\/p>\n\n\n\n<p><\/p>\n\n\n\n<p><\/p>\n\n\n\n<figure class=\"wp-block-gallery has-nested-images columns-default is-cropped wp-block-gallery-1 is-layout-flex wp-block-gallery-is-layout-flex\">\n<figure class=\"wp-block-image size-large\"><img loading=\"lazy\" decoding=\"async\" width=\"600\" height=\"450\" data-id=\"212\" src=\"https:\/\/bibltop.org\/hu\/wp-content\/uploads\/2023\/01\/1473944770_juhasz_erzsebet_emlekszoba_2.jpg\" alt=\"\" class=\"wp-image-212\" srcset=\"https:\/\/bibltop.org\/hu\/wp-content\/uploads\/2023\/01\/1473944770_juhasz_erzsebet_emlekszoba_2.jpg 600w, https:\/\/bibltop.org\/hu\/wp-content\/uploads\/2023\/01\/1473944770_juhasz_erzsebet_emlekszoba_2-300x225.jpg 300w\" sizes=\"auto, (max-width: 600px) 100vw, 600px\" \/><\/figure>\n\n\n\n<figure class=\"wp-block-image size-large\"><img loading=\"lazy\" decoding=\"async\" width=\"450\" height=\"600\" data-id=\"211\" src=\"https:\/\/bibltop.org\/hu\/wp-content\/uploads\/2023\/01\/1473944789_juhasz_erzsebet_emlekszoba_3.jpg\" alt=\"\" class=\"wp-image-211\" srcset=\"https:\/\/bibltop.org\/hu\/wp-content\/uploads\/2023\/01\/1473944789_juhasz_erzsebet_emlekszoba_3.jpg 450w, https:\/\/bibltop.org\/hu\/wp-content\/uploads\/2023\/01\/1473944789_juhasz_erzsebet_emlekszoba_3-225x300.jpg 225w\" sizes=\"auto, (max-width: 450px) 100vw, 450px\" \/><\/figure>\n\n\n\n<figure class=\"wp-block-image size-large\"><img loading=\"lazy\" decoding=\"async\" width=\"600\" height=\"461\" data-id=\"213\" src=\"https:\/\/bibltop.org\/hu\/wp-content\/uploads\/2023\/01\/1473944809_juhasz_erzsebet_emlekszoba_4.jpg\" alt=\"\" class=\"wp-image-213\" srcset=\"https:\/\/bibltop.org\/hu\/wp-content\/uploads\/2023\/01\/1473944809_juhasz_erzsebet_emlekszoba_4.jpg 600w, https:\/\/bibltop.org\/hu\/wp-content\/uploads\/2023\/01\/1473944809_juhasz_erzsebet_emlekszoba_4-300x231.jpg 300w\" sizes=\"auto, (max-width: 600px) 100vw, 600px\" \/><\/figure>\n\n\n\n<figure class=\"wp-block-image size-large\"><img loading=\"lazy\" decoding=\"async\" width=\"768\" height=\"1024\" data-id=\"214\" src=\"https:\/\/bibltop.org\/hu\/wp-content\/uploads\/2023\/01\/img_4resized-768x1024.jpg\" alt=\"\" class=\"wp-image-214\" srcset=\"https:\/\/bibltop.org\/hu\/wp-content\/uploads\/2023\/01\/img_4resized-768x1024.jpg 768w, https:\/\/bibltop.org\/hu\/wp-content\/uploads\/2023\/01\/img_4resized-225x300.jpg 225w, https:\/\/bibltop.org\/hu\/wp-content\/uploads\/2023\/01\/img_4resized.jpg 810w\" sizes=\"auto, (max-width: 768px) 100vw, 768px\" \/><\/figure>\n\n\n\n<figure class=\"wp-block-image size-large\"><img loading=\"lazy\" decoding=\"async\" width=\"450\" height=\"400\" data-id=\"215\" src=\"https:\/\/bibltop.org\/hu\/wp-content\/uploads\/2023\/01\/2.jpg\" alt=\"\" class=\"wp-image-215\" srcset=\"https:\/\/bibltop.org\/hu\/wp-content\/uploads\/2023\/01\/2.jpg 450w, https:\/\/bibltop.org\/hu\/wp-content\/uploads\/2023\/01\/2-300x267.jpg 300w\" sizes=\"auto, (max-width: 450px) 100vw, 450px\" \/><\/figure>\n\n\n\n<figure class=\"wp-block-image size-large\"><img loading=\"lazy\" decoding=\"async\" width=\"415\" height=\"600\" data-id=\"269\" src=\"https:\/\/bibltop.org\/hu\/wp-content\/uploads\/2023\/02\/1473944850_juhasz_erzsebet_gyermekkorabol.jpg\" alt=\"\" class=\"wp-image-269\" srcset=\"https:\/\/bibltop.org\/hu\/wp-content\/uploads\/2023\/02\/1473944850_juhasz_erzsebet_gyermekkorabol.jpg 415w, https:\/\/bibltop.org\/hu\/wp-content\/uploads\/2023\/02\/1473944850_juhasz_erzsebet_gyermekkorabol-208x300.jpg 208w\" sizes=\"auto, (max-width: 415px) 100vw, 415px\" \/><\/figure>\n<\/figure>\n","protected":false},"excerpt":{"rendered":"<p>K\u00fcl\u00f6n teremben kaptak helyet a hagyat\u00e9kok. A legnagyobb \u00e9s legjelent\u0151sebb a k\u00f6nyvt\u00e1r n\u00e9vad\u00f3ja, Juh\u00e1sz Erzs\u00e9bet \u00edr\u00f3i hagyat\u00e9ka, amely k\u00f6zel 2000 k\u00f6tetb\u0151l, foly\u00f3iratokb\u00f3l, k\u00e9ziratokb\u00f3l, levelekb\u0151l, f\u00e9nyk\u00e9pekb\u0151l \u00e9s az \u00edr\u00f3 szem\u00e9lyes t\u00e1rgyaib\u00f3l \u00e1ll.<\/p>\n","protected":false},"author":1,"featured_media":0,"parent":0,"menu_order":0,"comment_status":"closed","ping_status":"closed","template":"","meta":{"footnotes":""},"class_list":["post-48","page","type-page","status-publish","hentry"],"_links":{"self":[{"href":"https:\/\/bibltop.org\/hu\/wp-json\/wp\/v2\/pages\/48","targetHints":{"allow":["GET"]}}],"collection":[{"href":"https:\/\/bibltop.org\/hu\/wp-json\/wp\/v2\/pages"}],"about":[{"href":"https:\/\/bibltop.org\/hu\/wp-json\/wp\/v2\/types\/page"}],"author":[{"embeddable":true,"href":"https:\/\/bibltop.org\/hu\/wp-json\/wp\/v2\/users\/1"}],"replies":[{"embeddable":true,"href":"https:\/\/bibltop.org\/hu\/wp-json\/wp\/v2\/comments?post=48"}],"version-history":[{"count":4,"href":"https:\/\/bibltop.org\/hu\/wp-json\/wp\/v2\/pages\/48\/revisions"}],"predecessor-version":[{"id":270,"href":"https:\/\/bibltop.org\/hu\/wp-json\/wp\/v2\/pages\/48\/revisions\/270"}],"wp:attachment":[{"href":"https:\/\/bibltop.org\/hu\/wp-json\/wp\/v2\/media?parent=48"}],"curies":[{"name":"wp","href":"https:\/\/api.w.org\/{rel}","templated":true}]}}