{"id":24,"date":"2022-08-11T11:43:13","date_gmt":"2022-08-11T09:43:13","guid":{"rendered":"https:\/\/bibltop.org\/hu\/?page_id=24"},"modified":"2023-01-31T12:50:46","modified_gmt":"2023-01-31T11:50:46","slug":"szolgaltatasaink","status":"publish","type":"page","link":"https:\/\/bibltop.org\/hu\/szolgaltatasaink\/","title":{"rendered":"Szolg\u00e1ltat\u00e1saink"},"content":{"rendered":"\n<p>Legt\u00f6bb szolg\u00e1ltat\u00e1sunk ig\u00e9nybev\u00e9tel\u00e9hez tags\u00e1g l\u00e9tes\u00edt\u00e9se sz\u00fcks\u00e9ges.<br>Az al\u00e1bbi lehet\u0151s\u00e9gek k\u00f6z\u00fcl v\u00e1laszthat, amelyek mindegyike feljogos\u00edt teljes k\u00f6r\u0171 k\u00f6nyvt\u00e1rhaszn\u00e1latra, wifi haszn\u00e1latra, el\u0151fizetett adatb\u00e1zisok haszn\u00e1lat\u00e1ra:<\/p>\n\n\n\n<p><strong>Olvas\u00f3jegy feln\u0151ttek r\u00e9sz\u00e9re<\/strong>&nbsp;(egy napt\u00e1ri \u00e9vre sz\u00e1m\u00edtva, d\u00e1tumt\u00f3l d\u00e1tumig) \u2013&nbsp;<strong>500 din\u00e1r<\/strong><br><strong>Olvas\u00f3jegy gyermekek r\u00e9sz\u00e9re<\/strong>&nbsp;(egy napt\u00e1ri \u00e9vre sz\u00e1m\u00edtva, d\u00e1tumt\u00f3l d\u00e1tumig) \u2013&nbsp;<strong>300 din\u00e1r<\/strong><br><strong>Olvas\u00f3jegy nyugd\u00edjasok r\u00e9sz\u00e9re<\/strong>&nbsp;(egy napt\u00e1ri \u00e9vre sz\u00e1m\u00edtva, d\u00e1tumt\u00f3l d\u00e1tumig) \u2013&nbsp;<strong>400 din\u00e1r<\/strong><br><strong>Csal\u00e1di olvas\u00f3jegy<\/strong>&nbsp;(egy napt\u00e1ri \u00e9vre sz\u00e1m\u00edtva, d\u00e1tumt\u00f3l d\u00e1tumig) \u2013&nbsp;<strong>800 din\u00e1r<\/strong><\/p>\n","protected":false},"excerpt":{"rendered":"<p>Legt\u00f6bb szolg\u00e1ltat\u00e1sunk ig\u00e9nybev\u00e9tel\u00e9hez tags\u00e1g l\u00e9tes\u00edt\u00e9se sz\u00fcks\u00e9ges.Az al\u00e1bbi lehet\u0151s\u00e9gek k\u00f6z\u00fcl v\u00e1laszthat, amelyek mindegyike feljogos\u00edt teljes k\u00f6r\u0171 k\u00f6nyvt\u00e1rhaszn\u00e1latra, wifi haszn\u00e1latra, el\u0151fizetett adatb\u00e1zisok haszn\u00e1lat\u00e1ra: Olvas\u00f3jegy feln\u0151ttek r\u00e9sz\u00e9re&nbsp;(egy napt\u00e1ri \u00e9vre sz\u00e1m\u00edtva, d\u00e1tumt\u00f3l d\u00e1tumig) \u2013&nbsp;500 din\u00e1rOlvas\u00f3jegy gyermekek r\u00e9sz\u00e9re&nbsp;(egy napt\u00e1ri \u00e9vre sz\u00e1m\u00edtva, d\u00e1tumt\u00f3l d\u00e1tumig) \u2013&nbsp;300 din\u00e1rOlvas\u00f3jegy nyugd\u00edjasok r\u00e9sz\u00e9re&nbsp;(egy napt\u00e1ri \u00e9vre sz\u00e1m\u00edtva, d\u00e1tumt\u00f3l d\u00e1tumig) \u2013&nbsp;400 din\u00e1rCsal\u00e1di olvas\u00f3jegy&nbsp;(egy napt\u00e1ri \u00e9vre sz\u00e1m\u00edtva, d\u00e1tumt\u00f3l d\u00e1tumig)&#8230;<\/p>\n<p class=\"more-link-wrap\"><a href=\"https:\/\/bibltop.org\/hu\/szolgaltatasaink\/\" class=\"more-link\">Read More<span class=\"screen-reader-text\"> &ldquo;Szolg\u00e1ltat\u00e1saink&rdquo;<\/span> &raquo;<\/a><\/p>\n","protected":false},"author":1,"featured_media":0,"parent":0,"menu_order":0,"comment_status":"closed","ping_status":"closed","template":"","meta":{"footnotes":""},"class_list":["post-24","page","type-page","status-publish","hentry"],"_links":{"self":[{"href":"https:\/\/bibltop.org\/hu\/wp-json\/wp\/v2\/pages\/24","targetHints":{"allow":["GET"]}}],"collection":[{"href":"https:\/\/bibltop.org\/hu\/wp-json\/wp\/v2\/pages"}],"about":[{"href":"https:\/\/bibltop.org\/hu\/wp-json\/wp\/v2\/types\/page"}],"author":[{"embeddable":true,"href":"https:\/\/bibltop.org\/hu\/wp-json\/wp\/v2\/users\/1"}],"replies":[{"embeddable":true,"href":"https:\/\/bibltop.org\/hu\/wp-json\/wp\/v2\/comments?post=24"}],"version-history":[{"count":2,"href":"https:\/\/bibltop.org\/hu\/wp-json\/wp\/v2\/pages\/24\/revisions"}],"predecessor-version":[{"id":265,"href":"https:\/\/bibltop.org\/hu\/wp-json\/wp\/v2\/pages\/24\/revisions\/265"}],"wp:attachment":[{"href":"https:\/\/bibltop.org\/hu\/wp-json\/wp\/v2\/media?parent=24"}],"curies":[{"name":"wp","href":"https:\/\/api.w.org\/{rel}","templated":true}]}}