{"id":15,"date":"2022-08-11T11:41:45","date_gmt":"2022-08-11T09:41:45","guid":{"rendered":"https:\/\/bibltop.org\/hu\/?page_id=15"},"modified":"2025-12-23T09:04:35","modified_gmt":"2025-12-23T08:04:35","slug":"rolunk","status":"publish","type":"page","link":"https:\/\/bibltop.org\/hu\/rolunk\/","title":{"rendered":"R\u00f3lunk"},"content":{"rendered":"\n<p>A topolyai Juh\u00e1sz Erzs\u00e9bet K\u00f6nyvt\u00e1r \u00e9s hat fi\u00f3kk\u00f6nyvt\u00e1ra &#8211; Pacs\u00e9ron, <a href=\"https:\/\/www.facebook.com\/profile.php?id=100066913265497\" target=\"_blank\" rel=\"noreferrer noopener\">B\u00e1cskossuthfalv\u00e1n<\/a>, <a href=\"https:\/\/www.facebook.com\/profile.php?id=61564051465048\" target=\"_blank\" rel=\"noreferrer noopener\">Bajs\u00e1n<\/a>, Pann\u00f3ni\u00e1n, <a href=\"https:\/\/www.facebook.com\/profile.php?id=61584942758901\" target=\"_blank\" rel=\"noreferrer noopener\">Gunarason <\/a>\u00e9s <a href=\"https:\/\/www.facebook.com\/profile.php?id=100068790713385\" target=\"_blank\" rel=\"noreferrer noopener\">Zentagunarason <\/a>&#8211; megk\u00f6zel\u00edt\u0151leg 100 ezer k\u00f6tetet sz\u00e1ml\u00e1l\u00f3 \u00e1llom\u00e1ny\u00e1val egy k\u00f6r\u00fclbel\u00fcl 30 ezres k\u00f6z\u00f6ss\u00e9get l\u00e1t el k\u00f6nyvekkel \u00e9s egy\u00e9b inform\u00e1ci\u00f3forr\u00e1sokkal. A k\u00f6nyvt\u00e1r \u00e9p\u00fclete Topolya k\u00f6zpontj\u00e1ban van, az egykori rabbin\u00e1tus \u00e9p\u00fclet\u00e9ben. Alap\u00edt\u00f3nk \u00e9s m\u0171k\u00f6dtet\u0151nk a topolyai \u00f6nkorm\u00e1nyzat, valamint a Magyar Nemzeti Tan\u00e1cs, amely kiemelt fontoss\u00e1g\u00fanak tekinti a t\u00f6bb mint h\u00e9t \u00e9s f\u00e9l \u00e9vtizedes m\u00falttal rendelkez\u0151 k\u00f6nyvt\u00e1r munk\u00e1j\u00e1t. Az int\u00e9zm\u00e9ny \u00e1ltal\u00e1nos k\u00f6nyvt\u00e1ri feladatokat l\u00e1t el. A haszn\u00e1l\u00f3k k\u00f6re az \u00f3vod\u00e1skor\u00fa gyermekekt\u0151l az \u00e1ltal\u00e1nos \u00e9s k\u00f6z\u00e9piskol\u00e1sokon, a fels\u0151oktat\u00e1sban tanul\u00f3kon kereszt\u00fcl eg\u00e9szen a nyugd\u00edjas koroszt\u00e1lyig terjed.<\/p>\n\n\n\n<p><br>Az int\u00e9zm\u00e9ny kedvelt k\u00f6z\u00f6ss\u00e9gi t\u00e9r. Az olvas\u00f3teremben t\u00e9r\u00edt\u00e9smentesen haszn\u00e1lhat\u00f3k a sz\u00e1m\u00edt\u00f3g\u00e9pek, ingyenes wi-fi szolg\u00e1ltat\u00e1s is el\u00e9rhet\u0151 \u00e9s itt olvashat\u00f3k a legfrissebb szerb \u00e9s magyar nyelv\u0171 napilapok. Az olvas\u00f3terem sz\u00e1m\u00edt\u00f3g\u00e9pein katal\u00f3gus- \u00e9s adatb\u00e1zis-haszn\u00e1latra is lehet\u0151s\u00e9g van, de a katal\u00f3gus otthonr\u00f3l is el\u00e9rhet\u0151 a k\u00f6nyvt\u00e1r honlapj\u00e1r\u00f3l. A mintegy 80 szem\u00e9ly befogad\u00e1s\u00e1ra alkalmas padl\u00e1steremben irodalmi esteket, j\u00e1tsz\u00f3h\u00e1zakat, ki\u00e1ll\u00edt\u00e1sokat \u00e9s egy\u00e9b rendezv\u00e9nyeket tartanak, s minderre \u2013 a k\u00f6nyvt\u00e1r \u00e1ltal megfogalmazott c\u00e9lkit\u0171z\u00e9sek szellem\u00e9ben \u2013 megvan a k\u00f6z\u00f6ss\u00e9g \u00e9rdekl\u0151d\u00e9se \u00e9s ig\u00e9nye is.<\/p>\n\n\n\n<p><br>A fi\u00f3kk\u00f6nyvt\u00e1rak ugyancsak akt\u00edvan szerepet v\u00e1llalnak a telep\u00fcl\u00e9sek m\u0171vel\u0151d\u00e9si \u00e9let\u00e9nek szervez\u00e9s\u00e9ben.<\/p>\n\n\n\n<figure class=\"wp-block-gallery has-nested-images columns-default is-cropped wp-block-gallery-1 is-layout-flex wp-block-gallery-is-layout-flex\">\n<figure class=\"wp-block-image size-large\"><img loading=\"lazy\" decoding=\"async\" width=\"450\" height=\"400\" data-id=\"258\" src=\"https:\/\/bibltop.org\/hu\/wp-content\/uploads\/2023\/01\/1.jpg\" alt=\"\" class=\"wp-image-258\" srcset=\"https:\/\/bibltop.org\/hu\/wp-content\/uploads\/2023\/01\/1.jpg 450w, https:\/\/bibltop.org\/hu\/wp-content\/uploads\/2023\/01\/1-300x267.jpg 300w\" sizes=\"auto, (max-width: 450px) 100vw, 450px\" \/><\/figure>\n\n\n\n<figure class=\"wp-block-image size-large\"><img loading=\"lazy\" decoding=\"async\" width=\"1024\" height=\"768\" data-id=\"259\" src=\"https:\/\/bibltop.org\/hu\/wp-content\/uploads\/2023\/01\/img_2resized-1-1024x768.jpg\" alt=\"\" class=\"wp-image-259\" srcset=\"https:\/\/bibltop.org\/hu\/wp-content\/uploads\/2023\/01\/img_2resized-1-1024x768.jpg 1024w, https:\/\/bibltop.org\/hu\/wp-content\/uploads\/2023\/01\/img_2resized-1-300x225.jpg 300w, https:\/\/bibltop.org\/hu\/wp-content\/uploads\/2023\/01\/img_2resized-1-768x576.jpg 768w, https:\/\/bibltop.org\/hu\/wp-content\/uploads\/2023\/01\/img_2resized-1.jpg 1080w\" sizes=\"auto, (max-width: 1024px) 100vw, 1024px\" \/><\/figure>\n\n\n\n<figure class=\"wp-block-image size-large\"><img loading=\"lazy\" decoding=\"async\" width=\"768\" height=\"1024\" data-id=\"260\" src=\"https:\/\/bibltop.org\/hu\/wp-content\/uploads\/2023\/01\/img_6resized-1-768x1024.jpg\" alt=\"\" class=\"wp-image-260\" srcset=\"https:\/\/bibltop.org\/hu\/wp-content\/uploads\/2023\/01\/img_6resized-1-768x1024.jpg 768w, https:\/\/bibltop.org\/hu\/wp-content\/uploads\/2023\/01\/img_6resized-1-225x300.jpg 225w, https:\/\/bibltop.org\/hu\/wp-content\/uploads\/2023\/01\/img_6resized-1.jpg 810w\" sizes=\"auto, (max-width: 768px) 100vw, 768px\" \/><\/figure>\n\n\n\n<figure class=\"wp-block-image size-large\"><img loading=\"lazy\" decoding=\"async\" width=\"800\" height=\"602\" data-id=\"261\" src=\"https:\/\/bibltop.org\/hu\/wp-content\/uploads\/2023\/01\/kultura_Topolya-Hetven-evvel-ezelott-szuletett-a-konyvtar-nevadoja-_nagy-1.jpg\" alt=\"\" class=\"wp-image-261\" srcset=\"https:\/\/bibltop.org\/hu\/wp-content\/uploads\/2023\/01\/kultura_Topolya-Hetven-evvel-ezelott-szuletett-a-konyvtar-nevadoja-_nagy-1.jpg 800w, https:\/\/bibltop.org\/hu\/wp-content\/uploads\/2023\/01\/kultura_Topolya-Hetven-evvel-ezelott-szuletett-a-konyvtar-nevadoja-_nagy-1-300x226.jpg 300w, https:\/\/bibltop.org\/hu\/wp-content\/uploads\/2023\/01\/kultura_Topolya-Hetven-evvel-ezelott-szuletett-a-konyvtar-nevadoja-_nagy-1-768x578.jpg 768w\" sizes=\"auto, (max-width: 800px) 100vw, 800px\" \/><\/figure>\n\n\n\n<figure class=\"wp-block-image size-large\"><img loading=\"lazy\" decoding=\"async\" width=\"768\" height=\"1024\" data-id=\"262\" src=\"https:\/\/bibltop.org\/hu\/wp-content\/uploads\/2023\/01\/tabla-1-768x1024.jpg\" alt=\"\" class=\"wp-image-262\" srcset=\"https:\/\/bibltop.org\/hu\/wp-content\/uploads\/2023\/01\/tabla-1-768x1024.jpg 768w, https:\/\/bibltop.org\/hu\/wp-content\/uploads\/2023\/01\/tabla-1-225x300.jpg 225w, https:\/\/bibltop.org\/hu\/wp-content\/uploads\/2023\/01\/tabla-1.jpg 800w\" sizes=\"auto, (max-width: 768px) 100vw, 768px\" \/><\/figure>\n<\/figure>\n","protected":false},"excerpt":{"rendered":"<p>A topolyai Juh\u00e1sz Erzs\u00e9bet K\u00f6nyvt\u00e1r \u00e9s hat fi\u00f3kk\u00f6nyvt\u00e1ra &#8211; Pacs\u00e9ron, B\u00e1cskossuthfalv\u00e1n, Bajs\u00e1n, Pann\u00f3ni\u00e1n, Gunarason \u00e9s Zentagunarason &#8211; megk\u00f6zel\u00edt\u0151leg 100 ezer k\u00f6tetet sz\u00e1ml\u00e1l\u00f3 \u00e1llom\u00e1ny\u00e1val egy k\u00f6r\u00fclbel\u00fcl 30 ezres k\u00f6z\u00f6ss\u00e9get l\u00e1t el k\u00f6nyvekkel \u00e9s egy\u00e9b inform\u00e1ci\u00f3forr\u00e1sokkal. A k\u00f6nyvt\u00e1r \u00e9p\u00fclete Topolya k\u00f6zpontj\u00e1ban van, az egykori rabbin\u00e1tus \u00e9p\u00fclet\u00e9ben. Alap\u00edt\u00f3nk \u00e9s m\u0171k\u00f6dtet\u0151nk a topolyai \u00f6nkorm\u00e1nyzat, valamint a Magyar Nemzeti Tan\u00e1cs,&#8230;<\/p>\n<p class=\"more-link-wrap\"><a href=\"https:\/\/bibltop.org\/hu\/rolunk\/\" class=\"more-link\">Read More<span class=\"screen-reader-text\"> &ldquo;R\u00f3lunk&rdquo;<\/span> &raquo;<\/a><\/p>\n","protected":false},"author":1,"featured_media":0,"parent":0,"menu_order":0,"comment_status":"closed","ping_status":"closed","template":"","meta":{"footnotes":""},"class_list":["post-15","page","type-page","status-publish","hentry"],"_links":{"self":[{"href":"https:\/\/bibltop.org\/hu\/wp-json\/wp\/v2\/pages\/15","targetHints":{"allow":["GET"]}}],"collection":[{"href":"https:\/\/bibltop.org\/hu\/wp-json\/wp\/v2\/pages"}],"about":[{"href":"https:\/\/bibltop.org\/hu\/wp-json\/wp\/v2\/types\/page"}],"author":[{"embeddable":true,"href":"https:\/\/bibltop.org\/hu\/wp-json\/wp\/v2\/users\/1"}],"replies":[{"embeddable":true,"href":"https:\/\/bibltop.org\/hu\/wp-json\/wp\/v2\/comments?post=15"}],"version-history":[{"count":5,"href":"https:\/\/bibltop.org\/hu\/wp-json\/wp\/v2\/pages\/15\/revisions"}],"predecessor-version":[{"id":643,"href":"https:\/\/bibltop.org\/hu\/wp-json\/wp\/v2\/pages\/15\/revisions\/643"}],"wp:attachment":[{"href":"https:\/\/bibltop.org\/hu\/wp-json\/wp\/v2\/media?parent=15"}],"curies":[{"name":"wp","href":"https:\/\/api.w.org\/{rel}","templated":true}]}}